{"id":148,"date":"2021-09-12T17:53:53","date_gmt":"2021-09-12T15:53:53","guid":{"rendered":"https:\/\/acticycle.fr\/?page_id=148"},"modified":"2024-10-31T12:08:51","modified_gmt":"2024-10-31T11:08:51","slug":"en-quelques-mots","status":"publish","type":"page","link":"https:\/\/acticycle.fr\/en\/en-quelques-mots\/","title":{"rendered":"Ancienne page d&rsquo;accueil"},"content":{"rendered":"<div data-elementor-type=\"wp-page\" data-elementor-id=\"148\" class=\"elementor elementor-148\">\n\t\t\t\t\t\t<section class=\"elementor-section elementor-top-section elementor-element elementor-element-4ebc239 elementor-section-stretched elementor-section-boxed elementor-section-height-default elementor-section-height-default\" data-id=\"4ebc239\" data-element_type=\"section\" data-e-type=\"section\" data-settings=\"{&quot;stretch_section&quot;:&quot;section-stretched&quot;,&quot;background_background&quot;:&quot;classic&quot;}\">\n\t\t\t\t\t\t<div class=\"elementor-container elementor-column-gap-default\">\n\t\t\t\t\t<div class=\"elementor-column elementor-col-100 elementor-top-column elementor-element elementor-element-f440d3c\" data-id=\"f440d3c\" data-element_type=\"column\" data-e-type=\"column\">\n\t\t\t<div class=\"elementor-widget-wrap elementor-element-populated\">\n\t\t\t\t\t\t<div class=\"elementor-element elementor-element-3536c6c elementor-widget elementor-widget-text-editor\" data-id=\"3536c6c\" data-element_type=\"widget\" data-e-type=\"widget\" data-widget_type=\"text-editor.default\">\n\t\t\t\t<div class=\"elementor-widget-container\">\n\t\t\t\t\t\t\t\t\t<p><\/p>\n<p><\/p>\n<p><\/p>\n<h2 class=\"wp-block-heading\"><span class=\"has-inline-color\" style=\"color: #87ff50;\">Le contexte en quelques mots :<\/span><\/h2>\n<p><\/p>\n<p><\/p>\n<p>La mobilit\u00e9 active est un facteur de sant\u00e9. L\u2019assistance \u00e9lectrique des v\u00e9los d\u00e9cuple aujourd\u2019hui la possibilit\u00e9 d\u2019utiliser cette mobilit\u00e9 \u00e0 tout \u00e2ge en dosant son effort en fonction de sa condition physique.<\/p>\n<p><\/p>\n<p><\/p>\n<p>Le grand public ne s\u2019y est pas tromp\u00e9, en t\u00e9moigne l\u2019essor continu du VAE depuis plus de dix ans au point de tirer toute la fili\u00e8re v\u00e9lo.<\/p>\n<p><\/p>\n<p><\/p>\n<p>Il subsiste malgr\u00e9 tout des freins importants \u00e0 l\u2019utilisation du v\u00e9lo m\u00eame \u00e9lectrique comme mode de d\u00e9placement au quotidien. Parmi ces principaux freins : les intemp\u00e9ries notamment la pluie, la sensation d\u2019ins\u00e9curit\u00e9 chez certains utilisateurs et enfin le vol.<\/p>\n<p><\/p>\n<p><\/p>\n<p>Comment rem\u00e9dier \u00e0 ces freins ?<\/p>\n<p><\/p>\n<p><\/p>\n<p><\/p>\n<p><\/p>\n<p><\/p>\n<p><\/p>\n<h2 class=\"wp-block-heading\"><span class=\"has-inline-color\" style=\"color: #87ff50;\">Notre Concept :<\/span><\/h2>\n<p><\/p>\n<p><\/p>\n<p><strong>Acticycle <\/strong>est un<strong> mode de transport actif &amp; doux <\/strong>pour petit trajets urbain &amp; p\u00e9ri-urbain\u00a0:<\/p>\n<p><\/p>\n<p><\/p>\n<ul class=\"wp-block-list\">\n<li><strong>Carrosserie<\/strong>\/canop\u00e9e<strong> amovible, <\/strong>mixte rigide et textile<strong> \u00e9tanche <\/strong>au ruiss\u00e8lement<\/li>\n<li><strong>Confortable\u00a0et ergonomique : <\/strong>tout suspendu avec assistance \u00e9lectrique de type v\u00e9lo cargo,une position de conduite assise proche d\u2019une voiture qui permet de d\u00e9velopper plus de puissance au p\u00e9dalage.<\/li>\n<li><strong>S\u00e9curisant\u00a0: <\/strong>avec 4 roues stable, des portes en option,<strong> a<\/strong>utoris\u00e9 sur <strong>piste cyclable.<\/strong><\/li>\n<li><strong>Autonomie ~50 \u00e0 100 kms <\/strong>avec 1 batterie amovible (2 possibles)<strong> &amp; panneau solaire <\/strong>en option.<\/li>\n<li><strong>Puissance<\/strong> \u00e9quivalente \u00e0 un v\u00e9lo cargo \u00e0 assistance \u00e9lectrique<\/li>\n<li>V\u00e9hicule <strong>z\u00e9ro \u00e9mission CO2 <\/strong>\u00e0 l\u2019usage, <strong>10x <\/strong>plus l\u00e9ger qu\u2019une voiturette.<\/li>\n<li>Un budget comp\u00e9titif\u00a0: v\u00e9hicule <strong>sans permis, entretien r\u00e9duis <\/strong>comme un v\u00e9lo cargo avec un prix d\u2019attaque inf\u00e9rieur \u00e0 une voiturette.<\/li>\n<li><strong>Livraison en kit <\/strong>\u00e0 l\u2019\u00e9tude.<\/li>\n<\/ul>\n<p><\/p>\n<p><\/p>\n<figure class=\"wp-block-image size-large is-resized\"><img fetchpriority=\"high\" decoding=\"async\" class=\"wp-image-298\" src=\"https:\/\/acticycle.fr\/wp-content\/uploads\/2021\/11\/Concept-1024x486.png\" alt=\"\" width=\"638\" height=\"302\" srcset=\"https:\/\/acticycle.fr\/wp-content\/uploads\/2021\/11\/Concept-1024x486.png 1024w, https:\/\/acticycle.fr\/wp-content\/uploads\/2021\/11\/Concept-600x285.png 600w, https:\/\/acticycle.fr\/wp-content\/uploads\/2021\/11\/Concept-300x142.png 300w, https:\/\/acticycle.fr\/wp-content\/uploads\/2021\/11\/Concept-768x365.png 768w, https:\/\/acticycle.fr\/wp-content\/uploads\/2021\/11\/Concept-1536x729.png 1536w, https:\/\/acticycle.fr\/wp-content\/uploads\/2021\/11\/Concept-2048x972.png 2048w\" sizes=\"(max-width: 638px) 100vw, 638px\" \/><\/figure>\n<p><\/p>\n<p><\/p>\n<p><\/p>\n<p><\/p>\n<p><\/p>\n<p><\/p>\n<h2 class=\"wp-block-heading\"><span class=\"has-inline-color\" style=\"color: #87ff50;\">Emprise au sol :<\/span><\/h2>\n<p><\/p>\n<p><\/p>\n<p>Le stationnement et l&rsquo;agilit\u00e9 sur piste cyclable ou en ville notamment sont des facteurs cl\u00e9 pour ce type de v\u00e9hicule. <strong>Acticycle <\/strong>est aussi compact qu&rsquo;un VAE cargo, avec un rayon de braquage qui lui permet de passer partout.<\/p>\n<p><\/p>\n<p><\/p>\n<figure class=\"wp-block-image size-large is-resized\"><img decoding=\"async\" class=\"wp-image-305\" src=\"https:\/\/acticycle.fr\/wp-content\/uploads\/2021\/11\/Emprise-au-sol-1024x629.png\" alt=\"\" width=\"641\" height=\"393\" srcset=\"https:\/\/acticycle.fr\/wp-content\/uploads\/2021\/11\/Emprise-au-sol-1024x629.png 1024w, https:\/\/acticycle.fr\/wp-content\/uploads\/2021\/11\/Emprise-au-sol-600x369.png 600w, https:\/\/acticycle.fr\/wp-content\/uploads\/2021\/11\/Emprise-au-sol-300x184.png 300w, https:\/\/acticycle.fr\/wp-content\/uploads\/2021\/11\/Emprise-au-sol-768x472.png 768w, https:\/\/acticycle.fr\/wp-content\/uploads\/2021\/11\/Emprise-au-sol-1536x944.png 1536w, https:\/\/acticycle.fr\/wp-content\/uploads\/2021\/11\/Emprise-au-sol.png 1997w\" sizes=\"(max-width: 641px) 100vw, 641px\" \/><\/figure>\n<p><\/p>\n<p><\/p>\n<h2 class=\"wp-block-heading\"><span class=\"has-inline-color\" style=\"color: #87ff50;\">POC en image :<\/span><\/h2>\n<p><\/p>\n<p><\/p>\n<p>Premier prototype monoplace roulant en cours de finalisation. Financ\u00e9 sur fonds propres.<br \/>Ch\u00e2ssis en phase de test de roulage en situation r\u00e9elle.<\/p>\n<p><\/p>\n<p><\/p>\n<p><\/p>\n<p><\/p>\n<p><\/p>\n<p><\/p>\n<figure class=\"wp-block-image size-large is-resized\"><img decoding=\"async\" class=\"wp-image-319\" src=\"https:\/\/acticycle.fr\/wp-content\/uploads\/2021\/11\/POC-1-1024x711.png\" alt=\"\" width=\"646\" height=\"448\" srcset=\"https:\/\/acticycle.fr\/wp-content\/uploads\/2021\/11\/POC-1-1024x711.png 1024w, https:\/\/acticycle.fr\/wp-content\/uploads\/2021\/11\/POC-1-600x417.png 600w, https:\/\/acticycle.fr\/wp-content\/uploads\/2021\/11\/POC-1-300x208.png 300w, https:\/\/acticycle.fr\/wp-content\/uploads\/2021\/11\/POC-1-768x533.png 768w, https:\/\/acticycle.fr\/wp-content\/uploads\/2021\/11\/POC-1-1536x1066.png 1536w, https:\/\/acticycle.fr\/wp-content\/uploads\/2021\/11\/POC-1-2048x1422.png 2048w\" sizes=\"(max-width: 646px) 100vw, 646px\" \/><\/figure>\n<p><\/p>\n<p><\/p>\n<h2 class=\"wp-block-heading\"><span class=\"has-inline-color\" style=\"color: #87ff50;\">POC en live :<\/span><\/h2>\n<p><\/p>\n<p><\/p>\n<p><\/p>\n<p><\/p>\n<p><\/p>\n<p><\/p>\t\t\t\t\t\t\t\t<\/div>\n\t\t\t\t<\/div>\n\t\t\t\t\t<\/div>\n\t\t<\/div>\n\t\t\t\t\t<\/div>\n\t\t<\/section>\n\t\t\t\t<section class=\"elementor-section elementor-top-section elementor-element elementor-element-a3ead0b elementor-section-stretched elementor-section-boxed elementor-section-height-default elementor-section-height-default\" data-id=\"a3ead0b\" data-element_type=\"section\" data-e-type=\"section\" data-settings=\"{&quot;stretch_section&quot;:&quot;section-stretched&quot;,&quot;background_background&quot;:&quot;classic&quot;}\">\n\t\t\t\t\t\t<div class=\"elementor-container elementor-column-gap-default\">\n\t\t\t\t\t<div class=\"elementor-column elementor-col-100 elementor-top-column elementor-element elementor-element-8bd550c\" data-id=\"8bd550c\" data-element_type=\"column\" data-e-type=\"column\">\n\t\t\t<div class=\"elementor-widget-wrap elementor-element-populated\">\n\t\t\t\t\t\t<div class=\"elementor-element elementor-element-7f619fe elementor-widget elementor-widget-video\" data-id=\"7f619fe\" data-element_type=\"widget\" data-e-type=\"widget\" data-settings=\"{&quot;youtube_url&quot;:&quot;https:\\\/\\\/www.youtube.com\\\/watch?v=rirnhYvb454&quot;,&quot;video_type&quot;:&quot;youtube&quot;,&quot;controls&quot;:&quot;yes&quot;}\" data-widget_type=\"video.default\">\n\t\t\t\t<div class=\"elementor-widget-container\">\n\t\t\t\t\t\t\t<div class=\"elementor-wrapper elementor-open-inline\">\n\t\t\t<div class=\"elementor-video\"><\/div>\t\t<\/div>\n\t\t\t\t\t\t<\/div>\n\t\t\t\t<\/div>\n\t\t\t\t\t<\/div>\n\t\t<\/div>\n\t\t\t\t\t<\/div>\n\t\t<\/section>\n\t\t\t\t<\/div>","protected":false},"excerpt":{"rendered":"<p>Le contexte en quelques mots : La mobilit\u00e9 active est un facteur de sant\u00e9. L\u2019assistance \u00e9lectrique des v\u00e9los d\u00e9cuple aujourd\u2019hui la possibilit\u00e9 d\u2019utiliser cette mobilit\u00e9 \u00e0 tout \u00e2ge en dosant son effort en fonction de sa condition physique. Le grand public ne s\u2019y est pas tromp\u00e9, en t\u00e9moigne l\u2019essor continu du VAE depuis plus de&hellip;&nbsp;<a href=\"https:\/\/acticycle.fr\/en\/en-quelques-mots\/\" class=\"\" rel=\"bookmark\">Read More &raquo;<span class=\"screen-reader-text\">Ancienne page d&rsquo;accueil<\/span><\/a><\/p>","protected":false},"author":1,"featured_media":0,"parent":0,"menu_order":0,"comment_status":"closed","ping_status":"closed","template":"","meta":{"neve_meta_sidebar":"","neve_meta_container":"","neve_meta_enable_content_width":"","neve_meta_content_width":0,"neve_meta_title_alignment":"","neve_meta_author_avatar":"","neve_post_elements_order":"","neve_meta_disable_header":"","neve_meta_disable_footer":"","neve_meta_disable_title":"","footnotes":""},"class_list":["post-148","page","type-page","status-publish","hentry"],"yoast_head":"<!-- This site is optimized with the Yoast SEO plugin v27.3 - https:\/\/yoast.com\/product\/yoast-seo-wordpress\/ -->\n<title>Ancienne page d&#039;accueil - Acticycle<\/title>\n<meta name=\"robots\" content=\"index, follow, max-snippet:-1, max-image-preview:large, max-video-preview:-1\" \/>\n<link rel=\"canonical\" href=\"https:\/\/acticycle.fr\/en\/en-quelques-mots\/\" \/>\n<meta property=\"og:locale\" content=\"en_GB\" \/>\n<meta property=\"og:type\" content=\"article\" \/>\n<meta property=\"og:title\" content=\"Ancienne page d&#039;accueil - Acticycle\" \/>\n<meta property=\"og:description\" content=\"Le contexte en quelques mots : La mobilit\u00e9 active est un facteur de sant\u00e9. L\u2019assistance \u00e9lectrique des v\u00e9los d\u00e9cuple aujourd\u2019hui la possibilit\u00e9 d\u2019utiliser cette mobilit\u00e9 \u00e0 tout \u00e2ge en dosant son effort en fonction de sa condition physique. Le grand public ne s\u2019y est pas tromp\u00e9, en t\u00e9moigne l\u2019essor continu du VAE depuis plus de&hellip;&nbsp;Read More &raquo;Ancienne page d&rsquo;accueil\" \/>\n<meta property=\"og:url\" content=\"https:\/\/acticycle.fr\/en\/en-quelques-mots\/\" \/>\n<meta property=\"og:site_name\" content=\"Acticycle\" \/>\n<meta property=\"article:modified_time\" content=\"2024-10-31T11:08:51+00:00\" \/>\n<meta property=\"og:image\" content=\"https:\/\/acticycle.fr\/wp-content\/uploads\/2021\/11\/Concept-1024x486.png\" \/>\n<meta name=\"twitter:card\" content=\"summary_large_image\" \/>\n<meta name=\"twitter:label1\" content=\"Estimated reading time\" \/>\n\t<meta name=\"twitter:data1\" content=\"3 minutes\" \/>\n<script type=\"application\/ld+json\" class=\"yoast-schema-graph\">{\"@context\":\"https:\\\/\\\/schema.org\",\"@graph\":[{\"@type\":\"WebPage\",\"@id\":\"https:\\\/\\\/acticycle.fr\\\/en-quelques-mots\\\/\",\"url\":\"https:\\\/\\\/acticycle.fr\\\/en-quelques-mots\\\/\",\"name\":\"Ancienne page d'accueil - Acticycle\",\"isPartOf\":{\"@id\":\"https:\\\/\\\/acticycle.fr\\\/#website\"},\"primaryImageOfPage\":{\"@id\":\"https:\\\/\\\/acticycle.fr\\\/en-quelques-mots\\\/#primaryimage\"},\"image\":{\"@id\":\"https:\\\/\\\/acticycle.fr\\\/en-quelques-mots\\\/#primaryimage\"},\"thumbnailUrl\":\"https:\\\/\\\/acticycle.fr\\\/wp-content\\\/uploads\\\/2021\\\/11\\\/Concept-1024x486.png\",\"datePublished\":\"2021-09-12T15:53:53+00:00\",\"dateModified\":\"2024-10-31T11:08:51+00:00\",\"breadcrumb\":{\"@id\":\"https:\\\/\\\/acticycle.fr\\\/en-quelques-mots\\\/#breadcrumb\"},\"inLanguage\":\"en-GB\",\"potentialAction\":[{\"@type\":\"ReadAction\",\"target\":[\"https:\\\/\\\/acticycle.fr\\\/en-quelques-mots\\\/\"]}]},{\"@type\":\"ImageObject\",\"inLanguage\":\"en-GB\",\"@id\":\"https:\\\/\\\/acticycle.fr\\\/en-quelques-mots\\\/#primaryimage\",\"url\":\"https:\\\/\\\/acticycle.fr\\\/wp-content\\\/uploads\\\/2021\\\/11\\\/Concept-1024x486.png\",\"contentUrl\":\"https:\\\/\\\/acticycle.fr\\\/wp-content\\\/uploads\\\/2021\\\/11\\\/Concept-1024x486.png\"},{\"@type\":\"BreadcrumbList\",\"@id\":\"https:\\\/\\\/acticycle.fr\\\/en-quelques-mots\\\/#breadcrumb\",\"itemListElement\":[{\"@type\":\"ListItem\",\"position\":1,\"name\":\"Accueil\",\"item\":\"https:\\\/\\\/acticycle.fr\\\/\"},{\"@type\":\"ListItem\",\"position\":2,\"name\":\"Ancienne page d&rsquo;accueil\"}]},{\"@type\":\"WebSite\",\"@id\":\"https:\\\/\\\/acticycle.fr\\\/#website\",\"url\":\"https:\\\/\\\/acticycle.fr\\\/\",\"name\":\"Acticycle\",\"description\":\"La nouvelle mobilit\u00e9e active\",\"potentialAction\":[{\"@type\":\"SearchAction\",\"target\":{\"@type\":\"EntryPoint\",\"urlTemplate\":\"https:\\\/\\\/acticycle.fr\\\/?s={search_term_string}\"},\"query-input\":{\"@type\":\"PropertyValueSpecification\",\"valueRequired\":true,\"valueName\":\"search_term_string\"}}],\"inLanguage\":\"en-GB\"}]}<\/script>\n<!-- \/ Yoast SEO plugin. -->","yoast_head_json":{"title":"Ancienne page d'accueil - Acticycle","robots":{"index":"index","follow":"follow","max-snippet":"max-snippet:-1","max-image-preview":"max-image-preview:large","max-video-preview":"max-video-preview:-1"},"canonical":"https:\/\/acticycle.fr\/en\/en-quelques-mots\/","og_locale":"en_GB","og_type":"article","og_title":"Ancienne page d'accueil - Acticycle","og_description":"Le contexte en quelques mots : La mobilit\u00e9 active est un facteur de sant\u00e9. L\u2019assistance \u00e9lectrique des v\u00e9los d\u00e9cuple aujourd\u2019hui la possibilit\u00e9 d\u2019utiliser cette mobilit\u00e9 \u00e0 tout \u00e2ge en dosant son effort en fonction de sa condition physique. Le grand public ne s\u2019y est pas tromp\u00e9, en t\u00e9moigne l\u2019essor continu du VAE depuis plus de&hellip;&nbsp;Read More &raquo;Ancienne page d&rsquo;accueil","og_url":"https:\/\/acticycle.fr\/en\/en-quelques-mots\/","og_site_name":"Acticycle","article_modified_time":"2024-10-31T11:08:51+00:00","og_image":[{"url":"https:\/\/acticycle.fr\/wp-content\/uploads\/2021\/11\/Concept-1024x486.png","type":"","width":"","height":""}],"twitter_card":"summary_large_image","twitter_misc":{"Estimated reading time":"3 minutes"},"schema":{"@context":"https:\/\/schema.org","@graph":[{"@type":"WebPage","@id":"https:\/\/acticycle.fr\/en-quelques-mots\/","url":"https:\/\/acticycle.fr\/en-quelques-mots\/","name":"Ancienne page d'accueil - Acticycle","isPartOf":{"@id":"https:\/\/acticycle.fr\/#website"},"primaryImageOfPage":{"@id":"https:\/\/acticycle.fr\/en-quelques-mots\/#primaryimage"},"image":{"@id":"https:\/\/acticycle.fr\/en-quelques-mots\/#primaryimage"},"thumbnailUrl":"https:\/\/acticycle.fr\/wp-content\/uploads\/2021\/11\/Concept-1024x486.png","datePublished":"2021-09-12T15:53:53+00:00","dateModified":"2024-10-31T11:08:51+00:00","breadcrumb":{"@id":"https:\/\/acticycle.fr\/en-quelques-mots\/#breadcrumb"},"inLanguage":"en-GB","potentialAction":[{"@type":"ReadAction","target":["https:\/\/acticycle.fr\/en-quelques-mots\/"]}]},{"@type":"ImageObject","inLanguage":"en-GB","@id":"https:\/\/acticycle.fr\/en-quelques-mots\/#primaryimage","url":"https:\/\/acticycle.fr\/wp-content\/uploads\/2021\/11\/Concept-1024x486.png","contentUrl":"https:\/\/acticycle.fr\/wp-content\/uploads\/2021\/11\/Concept-1024x486.png"},{"@type":"BreadcrumbList","@id":"https:\/\/acticycle.fr\/en-quelques-mots\/#breadcrumb","itemListElement":[{"@type":"ListItem","position":1,"name":"Accueil","item":"https:\/\/acticycle.fr\/"},{"@type":"ListItem","position":2,"name":"Ancienne page d&rsquo;accueil"}]},{"@type":"WebSite","@id":"https:\/\/acticycle.fr\/#website","url":"https:\/\/acticycle.fr\/","name":"Acticycle","description":"La nouvelle mobilit\u00e9e active","potentialAction":[{"@type":"SearchAction","target":{"@type":"EntryPoint","urlTemplate":"https:\/\/acticycle.fr\/?s={search_term_string}"},"query-input":{"@type":"PropertyValueSpecification","valueRequired":true,"valueName":"search_term_string"}}],"inLanguage":"en-GB"}]}},"_links":{"self":[{"href":"https:\/\/acticycle.fr\/en\/wp-json\/wp\/v2\/pages\/148","targetHints":{"allow":["GET"]}}],"collection":[{"href":"https:\/\/acticycle.fr\/en\/wp-json\/wp\/v2\/pages"}],"about":[{"href":"https:\/\/acticycle.fr\/en\/wp-json\/wp\/v2\/types\/page"}],"author":[{"embeddable":true,"href":"https:\/\/acticycle.fr\/en\/wp-json\/wp\/v2\/users\/1"}],"replies":[{"embeddable":true,"href":"https:\/\/acticycle.fr\/en\/wp-json\/wp\/v2\/comments?post=148"}],"version-history":[{"count":53,"href":"https:\/\/acticycle.fr\/en\/wp-json\/wp\/v2\/pages\/148\/revisions"}],"predecessor-version":[{"id":3606,"href":"https:\/\/acticycle.fr\/en\/wp-json\/wp\/v2\/pages\/148\/revisions\/3606"}],"wp:attachment":[{"href":"https:\/\/acticycle.fr\/en\/wp-json\/wp\/v2\/media?parent=148"}],"curies":[{"name":"wp","href":"https:\/\/api.w.org\/{rel}","templated":true}]}}